{"id":45,"date":"2023-12-14T08:14:50","date_gmt":"2023-12-14T06:14:50","guid":{"rendered":"http:\/\/localhost\/ekaruona\/?page_id=45"},"modified":"2024-03-21T08:23:14","modified_gmt":"2024-03-21T06:23:14","slug":"kyla","status":"publish","type":"page","link":"https:\/\/ruonanrinki.fi\/?page_id=45","title":{"rendered":"Kyl\u00e4"},"content":{"rendered":"\n<h2 class=\"wp-block-heading\">Ruona<\/h2>\n\n\n\n<p>Ruonan kyl\u00e4 sijaitsee Etel\u00e4-Pohjanmaalla ainutlaatuisessa ja vieh\u00e4tt\u00e4v\u00e4ss\u00e4 ymp\u00e4rist\u00f6ss\u00e4. Kyl\u00e4 on rakentunut Kuortaneenj\u00e4rven ja Nisosj\u00e4rven ymp\u00e4rille. Sijainti tarjoaa upeat maisemat ja monia mahdollisuuksia vesill\u00e4 liikkumiseen ja virkistymiseen.<\/p>\n\n\n\n<p>Kyl\u00e4n rakenne, joka seuraa vesist\u00f6jen ja teiden linjoja, luo harmonisen ja luonnonl\u00e4heisen tunnelman. Nauhamaisesti maisemaan sijoittuvat rakennukset antavat kyl\u00e4lle avoimen ja viihtyis\u00e4n ilmeen, ja peltojen levitt\u00e4ytyess\u00e4 alaville ranta-alueille syntyy kaunis yhdistelm\u00e4 maaseudun rauhaa ja vehre\u00e4\u00e4 luontoa.<\/p>\n\n\n\n<p>Ruonan vanha asutusalue sijaitsee matalilla sel\u00e4nteill\u00e4 ja peltosaarekkeilla, mik\u00e4 luo kyl\u00e4\u00e4n mielenkiintoisen ja perinteikk\u00e4\u00e4n maiseman. Kyl\u00e4n historia ja perinteet n\u00e4kyv\u00e4t vanhoissa rakennuksissa ja maisemissa, jotka kertovat alueen rikkaasta menneisyydest\u00e4 ja el\u00e4m\u00e4nrytmist\u00e4.<\/p>\n\n\n\n<p>Mets\u00e4alueet kyl\u00e4n ymp\u00e4rill\u00e4 tarjoavat kauniin maiseman lis\u00e4ksi my\u00f6s mahdollisuuksia ulkoiluun ja luontoretkeilyyn.<\/p>\n\n\n\n<p>Ruonan kyl\u00e4 on paikka, jossa luonto ja ihmisen luoma ymp\u00e4rist\u00f6 sulautuvat saumattomasti yhteen, tarjoten mahdollisuuden nauttia maaseudun kauneudesta ja rauhasta.<\/p>\n\n\n<div class=\"wp-block-image\">\n<figure class=\"aligncenter size-full\"><img loading=\"lazy\" decoding=\"async\" width=\"400\" height=\"267\" src=\"https:\/\/ruonanrinki.fi\/wp-content\/uploads\/2023\/12\/ruona-1.jpg\" alt=\"\" class=\"wp-image-26\"\/><\/figure>\n<\/div>\n\n\n<h3 class=\"wp-block-heading\"><strong>Valtatie 66<\/strong><\/h3>\n\n\n\n<p><br>Valtatie 66 kulkee l\u00e4pi idyllisen Ruonan laakson tarjoten matkailijoille mahdollisuuden nauttia upeista maisemista sek\u00e4 historiallisista n\u00e4ht\u00e4vyyksist\u00e4. Kuljettaessa valtatie 66 pitkin Ruonan kyl\u00e4n keskustan l\u00e4pi l\u00e4nsipuolelle j\u00e4\u00e4 kuuluisa Nurminiemi  ja it\u00e4puolelle Nisosj\u00e4rvi ymp\u00e4r\u00f6ivine peltoineen ja pihoineen.<\/p>\n\n\n\n<p>Ruonan laakso on tunnettu perinteisist\u00e4 pohjalaistaloistaan, jotka reunustavat tiet\u00e4 molemmin puolin ja luovat huomiota her\u00e4tt\u00e4v\u00e4n maiseman. N\u00e4kym\u00e4t ovat lumoavia, saapuupa Ruonan kyl\u00e4lle sitten mist\u00e4 suunnasta tahansa.<\/p>\n\n\n\n<p>Kuljettaessa valtatie 66 pitkin Ruonan laakson halki, n\u00e4kym\u00e4 on vahva otos paikallista kulttuuria ja historiaa. Tielt\u00e4 on n\u00e4kym\u00e4 Ruonan kuuluisalle vanhalle kivisillalle, joka sijaitsee Ruonan keskustan ja koululle johtavan kyl\u00e4tien sek\u00e4 it\u00e4puolen pihoihin johtavan Alaj\u00e4rventien risteyksien v\u00e4liss\u00e4.<\/p>\n\n\n\n<p>Valtatie 66 on siten enemm\u00e4n kuin vain tie. Se on portti Ruonan laaksoon ja kyl\u00e4\u00e4n, joka tarjoaa matkalaisille mahdollisuuden kokea alueen ainutlaatuinen kauneus ja vahvat perinteet.<\/p>\n\n\n<div class=\"wp-block-image\">\n<figure class=\"aligncenter size-full\"><img loading=\"lazy\" decoding=\"async\" width=\"400\" height=\"267\" src=\"https:\/\/ruonanrinki.fi\/wp-content\/uploads\/2023\/12\/silta.jpg\" alt=\"\" class=\"wp-image-31\"\/><\/figure>\n<\/div>","protected":false},"excerpt":{"rendered":"<p>Ruona Ruonan kyl\u00e4 sijaitsee Etel\u00e4-Pohjanmaalla ainutlaatuisessa ja vieh\u00e4tt\u00e4v\u00e4ss\u00e4 ymp\u00e4rist\u00f6ss\u00e4. Kyl\u00e4 on rakentunut Kuortaneenj\u00e4rven ja Nisosj\u00e4rven ymp\u00e4rille. Sijainti tarjoaa upeat maisemat ja monia mahdollisuuksia vesill\u00e4 liikkumiseen ja virkistymiseen. Kyl\u00e4n rakenne, joka &#8230;<\/p>\n","protected":false},"author":3,"featured_media":41,"parent":0,"menu_order":0,"comment_status":"closed","ping_status":"closed","template":"","meta":{"footnotes":""},"class_list":["post-45","page","type-page","status-publish","has-post-thumbnail","hentry"],"_links":{"self":[{"href":"https:\/\/ruonanrinki.fi\/index.php?rest_route=\/wp\/v2\/pages\/45","targetHints":{"allow":["GET"]}}],"collection":[{"href":"https:\/\/ruonanrinki.fi\/index.php?rest_route=\/wp\/v2\/pages"}],"about":[{"href":"https:\/\/ruonanrinki.fi\/index.php?rest_route=\/wp\/v2\/types\/page"}],"author":[{"embeddable":true,"href":"https:\/\/ruonanrinki.fi\/index.php?rest_route=\/wp\/v2\/users\/3"}],"replies":[{"embeddable":true,"href":"https:\/\/ruonanrinki.fi\/index.php?rest_route=%2Fwp%2Fv2%2Fcomments&post=45"}],"version-history":[{"count":4,"href":"https:\/\/ruonanrinki.fi\/index.php?rest_route=\/wp\/v2\/pages\/45\/revisions"}],"predecessor-version":[{"id":280,"href":"https:\/\/ruonanrinki.fi\/index.php?rest_route=\/wp\/v2\/pages\/45\/revisions\/280"}],"wp:featuredmedia":[{"embeddable":true,"href":"https:\/\/ruonanrinki.fi\/index.php?rest_route=\/wp\/v2\/media\/41"}],"wp:attachment":[{"href":"https:\/\/ruonanrinki.fi\/index.php?rest_route=%2Fwp%2Fv2%2Fmedia&parent=45"}],"curies":[{"name":"wp","href":"https:\/\/api.w.org\/{rel}","templated":true}]}}