{"id":47,"date":"2023-12-14T08:16:12","date_gmt":"2023-12-14T06:16:12","guid":{"rendered":"http:\/\/localhost\/ekaruona\/?page_id=47"},"modified":"2024-05-24T07:02:48","modified_gmt":"2024-05-24T04:02:48","slug":"rinki","status":"publish","type":"page","link":"https:\/\/ruonanrinki.fi\/?page_id=47","title":{"rendered":"Rinki"},"content":{"rendered":"\n<h2 class=\"wp-block-heading\">Ruonan Rinki ry<\/h2>\n\n\n\n<div class=\"wp-block-columns is-layout-flex wp-container-core-columns-is-layout-9d6595d7 wp-block-columns-is-layout-flex\">\n<div class=\"wp-block-column is-layout-flow wp-block-column-is-layout-flow\" style=\"flex-basis:66.66%\">\n<p class=\"has-black-color has-text-color has-link-color wp-elements-deaa23dc5f9fc85ed46e0f34b94f511f\">Kuluneet vuosikymmenet ovat kietoneet yhteen kyl\u00e4yhteis\u00f6ss\u00e4mme el\u00e4v\u00e4n voiman ja aktiivisuuden. Vuonna 1998 perustettu kyl\u00e4yhdistyksemme on jatkumo vuonna 1978 alkanutta vilkasta kyl\u00e4toimintaa. Alkuper\u00e4isen kyl\u00e4toimikunnan into ja toimeliaisuus ovat edelleen l\u00e4sn\u00e4 ja sitoutumisemme yhteiseen hyv\u00e4\u00e4n on vain vahvistunut.<\/p>\n\n\n\n<p class=\"has-black-color has-text-color has-link-color wp-elements-6ee8ac87c8f925e9b0330049842b46e7\">Ringin tavoitteena on kyl\u00e4mme pitk\u00e4j\u00e4nteinen kehitt\u00e4minen yhteisty\u00f6ss\u00e4 paikallisten ihmisten, yritysten, kunnan ja muiden yhteisty\u00f6kumppaneiden kanssa. Yhdess\u00e4 voimme taata kest\u00e4v\u00e4n kehityksen kyl\u00e4yhteis\u00f6ss\u00e4mme. Vain yhdess\u00e4 voimme saavuttaa p\u00e4\u00e4m\u00e4\u00e4r\u00e4t ja luoda parempaa tulevaisuutta kaikille kyl\u00e4l\u00e4isille.<\/p>\n\n\n\n<p class=\"has-black-color has-text-color has-link-color wp-elements-add154dd4dd128929e3e257519f0a878\">Ruonan Rinki on vuosien mittaan osallistunut lukuisiin hankkeisiin ja erilaisten projektien toteuttamiseen. Tuhannet talkootunnit ovat olleet investointi yhteiseen hyv\u00e4\u00e4n.<\/p>\n\n\n\n<p class=\"has-black-color has-text-color has-link-color wp-elements-d173e394ac2fdb73d63d6a62756d9bf3\">Ruona valittiin vuoden 2008 Etel\u00e4pohjalaiseksi kyl\u00e4ksi. Kyl\u00e4n aktiivinen asukaskunta sek\u00e4 vire\u00e4 kyl\u00e4toiminta saivat ansaitun tunnustuksen toiminnastaan. Kyl\u00e4yhteis\u00f6 on motivoitunut ja Ringill\u00e4 on yh\u00e4 tahto olla kyl\u00e4n kehitt\u00e4misen ja hyvinvoinnin edist\u00e4misen keski\u00f6ss\u00e4.<\/p>\n\n\n\n<p class=\"has-black-color has-text-color has-link-color wp-elements-c970b426a9ea0f975f08b591f2a97efe\">Tervetuloa Ruonan Rinkiin, miss\u00e4 innostuneisuus ja yhteis\u00f6llisyys kohtaavat! Kyl\u00e4yhdistyksemme on t\u00e4ynn\u00e4 tarmoa ja tahtoa luoda el\u00e4myksi\u00e4 ihan jokaiselle. Yhdess\u00e4 luomme merkityksellisi\u00e4 hetki\u00e4 ja rakennamme vahvempaa yhteis\u00f6\u00e4. Ruonan Rinki on paikka, jossa p\u00e4\u00e4set vaikuttamaan ja tekem\u00e4\u00e4n. Liity mukaan joukkoomme ja ota osaa matkaan kohti parempaa tulevaisuutta yhdess\u00e4 muiden aktiivisten kyl\u00e4l\u00e4isten kanssa!<\/p>\n<\/div>\n\n\n\n<div class=\"wp-block-column is-layout-flow wp-block-column-is-layout-flow\" style=\"flex-basis:33.33%\">\n<figure class=\"wp-block-image size-full\"><img loading=\"lazy\" decoding=\"async\" width=\"826\" height=\"610\" src=\"https:\/\/ruonanrinki.fi\/wp-content\/uploads\/2023\/12\/rinkilogo.jpg\" alt=\"\" class=\"wp-image-23\"\/><\/figure>\n<\/div>\n<\/div>\n\n\n\n<h2 class=\"wp-block-heading\">Tuu Rinkihi!<\/h2>\n\n\n\n<p><\/p>\n\n\n\n<p>Voit maksaa yhdistyksen tilille kannatusmaksun.<\/p>\n\n\n\n<p>Saaja: Ruonan Rinki Ry<\/p>\n\n\n\n<p>Tilinumero FI90 4108 0010 5950 42<\/p>\n\n\n\n<p>Viesti: j\u00e4senten nimet<\/p>\n\n\n\n<p>Henkil\u00f6kannatusmaksu 5,00 \u20ac<\/p>\n\n\n\n<p>Perhekannatusmaksu 10,00 \u20ac<\/p>\n","protected":false},"excerpt":{"rendered":"<p>Ruonan Rinki ry Kuluneet vuosikymmenet ovat kietoneet yhteen kyl\u00e4yhteis\u00f6ss\u00e4mme el\u00e4v\u00e4n voiman ja aktiivisuuden. Vuonna 1998 perustettu kyl\u00e4yhdistyksemme on jatkumo vuonna 1978 alkanutta vilkasta kyl\u00e4toimintaa. Alkuper\u00e4isen kyl\u00e4toimikunnan into ja toimeliaisuus ovat &#8230;<\/p>\n","protected":false},"author":3,"featured_media":41,"parent":0,"menu_order":0,"comment_status":"closed","ping_status":"closed","template":"","meta":{"footnotes":""},"class_list":["post-47","page","type-page","status-publish","has-post-thumbnail","hentry"],"_links":{"self":[{"href":"https:\/\/ruonanrinki.fi\/index.php?rest_route=\/wp\/v2\/pages\/47","targetHints":{"allow":["GET"]}}],"collection":[{"href":"https:\/\/ruonanrinki.fi\/index.php?rest_route=\/wp\/v2\/pages"}],"about":[{"href":"https:\/\/ruonanrinki.fi\/index.php?rest_route=\/wp\/v2\/types\/page"}],"author":[{"embeddable":true,"href":"https:\/\/ruonanrinki.fi\/index.php?rest_route=\/wp\/v2\/users\/3"}],"replies":[{"embeddable":true,"href":"https:\/\/ruonanrinki.fi\/index.php?rest_route=%2Fwp%2Fv2%2Fcomments&post=47"}],"version-history":[{"count":8,"href":"https:\/\/ruonanrinki.fi\/index.php?rest_route=\/wp\/v2\/pages\/47\/revisions"}],"predecessor-version":[{"id":303,"href":"https:\/\/ruonanrinki.fi\/index.php?rest_route=\/wp\/v2\/pages\/47\/revisions\/303"}],"wp:featuredmedia":[{"embeddable":true,"href":"https:\/\/ruonanrinki.fi\/index.php?rest_route=\/wp\/v2\/media\/41"}],"wp:attachment":[{"href":"https:\/\/ruonanrinki.fi\/index.php?rest_route=%2Fwp%2Fv2%2Fmedia&parent=47"}],"curies":[{"name":"wp","href":"https:\/\/api.w.org\/{rel}","templated":true}]}}