{"id":49,"date":"2023-12-14T08:17:50","date_gmt":"2023-12-14T06:17:50","guid":{"rendered":"http:\/\/localhost\/ekaruona\/?page_id=49"},"modified":"2023-12-15T09:17:44","modified_gmt":"2023-12-15T07:17:44","slug":"historia","status":"publish","type":"page","link":"https:\/\/ruonanrinki.fi\/?page_id=49","title":{"rendered":"Historia"},"content":{"rendered":"\n<h2 class=\"wp-block-heading\">Ruona 1549 \u2013 2009<\/h2>\n\n\n\n<div style=\"height:40px\" aria-hidden=\"true\" class=\"wp-block-spacer\"><\/div>\n\n\n\n<h3 class=\"wp-block-heading\">Ruonan kyl\u00e4n alkuvaiheet ja asuttaminen<\/h3>\n\n\n\n<p>Ensimm\u00e4iset verollepannut viljelij\u00e4t Kuortaneen (Kurdana by) Ruonan ja Salmen alueella l\u00f6ytyv\u00e4t historian kirjoista vuodelta 1549. Vuoden 1557 manttaaliluettelosta l\u00f6ytyy nelj\u00e4 nykyisen Ruonan kyl\u00e4n aluetta asuttanutta tilallista. 1500-luvun loppuun menness\u00e4 Ruonan talojen m\u00e4\u00e4r\u00e4 oli tuplaantunut ainakin kahdeksaan. Vuoden 1651 kymmenysluettelosta l\u00f6ytyy kymmenen taloa Ruonanan kyl\u00e4lt\u00e4 \u2013 Mustap\u00e4\u00e4, Sipil\u00e4, Herola, Per\u00e4l\u00e4, Nuttila, Kocgila, Ruona, Hapala, Hiroi ja Mauxela. 1600-luvun lopulla asutuksen laajeneminen oli hitaampaa maassa vallinneen suuren n\u00e4l\u00e4nh\u00e4d\u00e4n vuoksi.<\/p>\n\n\n\n<p>Asutuksen laajeneminen alkoi nopeutua uudelleen 1700-luvun puoliv\u00e4liss\u00e4. Vuonna 1757 tuli voimaan Suomessa isojako, jossa liikamaa m\u00e4\u00e4r\u00e4ttiin uudisasutukseen. Kuortaneella isojako aloitettiin 1760-luvulla.<\/p>\n\n\n\n<h3 class=\"wp-block-heading\">Tervanpoltosta vaurautta<\/h3>\n\n\n\n<p>Vaikka peltoa raivattiinkin innokkaasti, kuortanelaiset vaurastuivat kuitenkin tervanpoltolla. Jo 1600-luvulla tervanpoltto<br>muodosti kuortanelaisille t\u00e4rke\u00e4n sivuelinkeinon. 1700-luvulla tervanpoltosta olikin jo muodostunut kuortanelaisten p\u00e4\u00e4elinkeino. 1700-luvun aikana kuortanelaiset vaurastuivat tervanpolton ansiosta. Kuortaneelta l\u00f6ytyy yli 300 tervahaudan paikkaa.<\/p>\n\n\n\n<h3 class=\"wp-block-heading\">Komea rakennuskanta<\/h3>\n\n\n\n<p>Tervanpolton tuoman vaurauden my\u00f6t\u00e4 kuortanelaisilla oli varaa ostaa siemenviljaa, karjaa ja ennen kaikkea rakentaa. Tervanpoltossa onkin kuortaneen komean talonpoikaisrakentamisen perusta. Ensin 1600-luvulla rakennettiin yksitupaiset ja my\u00f6hemmin kaksitupaiset tuparadit. Ensimm\u00e4inen talonpoikaistyylinen pohjalaistalon Kuortaneella arvellaan olleen vanha Takalan talo. Nimismies Bj\u00f6rck osti Takalan tilan Ruonalta vuonna 1777 ja rakennnutti kaksifooninkisen pohjalaistalon tilan p\u00e4\u00e4rakennukseksi.<\/p>\n\n\n\n<p>Kuortaneen pohjalaistalot on rakennettu 1700 \u2013 1800 -luvuilla, p\u00e4\u00e4osin 1800-luvun alkupuolella. Rakennustyyli on saanut vaikutteita rannikkokaupunkien kauppiaiden taloista. Pohjalaistalon pihapiiriin kuululu perinteisesti piha, jota ulkorakennukset ymp\u00e4r\u00f6iv\u00e4t melko yhten\u00e4isesti. Ruonan kyl\u00e4ll\u00e4 on s\u00e4ilynyt vanhaa rakennuskantaa ja kyl\u00e4milj\u00f6\u00f6t\u00e4 merkitt\u00e4v\u00e4ss\u00e4 m\u00e4\u00e4rin, mit\u00e4 ei voi olla huomaamatta kyl\u00e4n alueelle saapuessa.<\/p>\n\n\n\n<hr class=\"wp-block-separator has-alpha-channel-opacity is-style-wide\"\/>\n\n\n\n<h3 class=\"wp-block-heading\">Lis\u00e4\u00e4 ruonan historiasta l\u00f6ytyy artikkeleista.<\/h3>\n","protected":false},"excerpt":{"rendered":"<p>Ruona 1549 \u2013 2009 Ruonan kyl\u00e4n alkuvaiheet ja asuttaminen Ensimm\u00e4iset verollepannut viljelij\u00e4t Kuortaneen (Kurdana by) Ruonan ja Salmen alueella l\u00f6ytyv\u00e4t historian kirjoista vuodelta 1549. Vuoden 1557 manttaaliluettelosta l\u00f6ytyy nelj\u00e4 nykyisen &#8230;<\/p>\n","protected":false},"author":3,"featured_media":41,"parent":0,"menu_order":0,"comment_status":"closed","ping_status":"closed","template":"","meta":{"footnotes":""},"class_list":["post-49","page","type-page","status-publish","has-post-thumbnail","hentry"],"_links":{"self":[{"href":"https:\/\/ruonanrinki.fi\/index.php?rest_route=\/wp\/v2\/pages\/49","targetHints":{"allow":["GET"]}}],"collection":[{"href":"https:\/\/ruonanrinki.fi\/index.php?rest_route=\/wp\/v2\/pages"}],"about":[{"href":"https:\/\/ruonanrinki.fi\/index.php?rest_route=\/wp\/v2\/types\/page"}],"author":[{"embeddable":true,"href":"https:\/\/ruonanrinki.fi\/index.php?rest_route=\/wp\/v2\/users\/3"}],"replies":[{"embeddable":true,"href":"https:\/\/ruonanrinki.fi\/index.php?rest_route=%2Fwp%2Fv2%2Fcomments&post=49"}],"version-history":[{"count":10,"href":"https:\/\/ruonanrinki.fi\/index.php?rest_route=\/wp\/v2\/pages\/49\/revisions"}],"predecessor-version":[{"id":145,"href":"https:\/\/ruonanrinki.fi\/index.php?rest_route=\/wp\/v2\/pages\/49\/revisions\/145"}],"wp:featuredmedia":[{"embeddable":true,"href":"https:\/\/ruonanrinki.fi\/index.php?rest_route=\/wp\/v2\/media\/41"}],"wp:attachment":[{"href":"https:\/\/ruonanrinki.fi\/index.php?rest_route=%2Fwp%2Fv2%2Fmedia&parent=49"}],"curies":[{"name":"wp","href":"https:\/\/api.w.org\/{rel}","templated":true}]}}