{"id":51,"date":"2023-12-14T08:19:41","date_gmt":"2023-12-14T06:19:41","guid":{"rendered":"http:\/\/localhost\/ekaruona\/?page_id=51"},"modified":"2023-12-15T09:19:34","modified_gmt":"2023-12-15T07:19:34","slug":"maisemat","status":"publish","type":"page","link":"https:\/\/ruonanrinki.fi\/?page_id=51","title":{"rendered":"Maisemat"},"content":{"rendered":"\n<h2 class=\"wp-block-heading\">Ruona<\/h2>\n\n\n\n<div class=\"wp-block-columns is-layout-flex wp-container-core-columns-is-layout-9d6595d7 wp-block-columns-is-layout-flex\">\n<div class=\"wp-block-column is-layout-flow wp-block-column-is-layout-flow\" style=\"flex-basis:66.66%\">\n<p>Ruonan kyl\u00e4n maisemat Kuortaneella ovat s\u00e4ilyneet l\u00e4hes muuttumattomina Suomen sodan ajoista t\u00e4h\u00e4n p\u00e4iv\u00e4\u00e4n. Ruonalla on yh\u00e4 pystyss\u00e4 ja jopa asuink\u00e4yt\u00f6ss\u00e4 monia taloja, jotka ovat olleet todistamassa sodan tuhoja ja r\u00e4iskett\u00e4 1808. Taisteluista kuuluisa Ruonan silta on yh\u00e4 paikallaan ja osin entis\u00f6ityn\u00e4, tosin Somen sodan aikoja my\u00f6hemp\u00e4\u00e4n asuun. Nisosj\u00e4rven ymp\u00e4rist\u00f6n peltomaisemia katsellessan voi hyvin kuvitella sotajoukkojen liikkeet alueella. Nurminiemess\u00e4 sijainneiden tykist\u00f6pattereiden paikalla puolestaan seisoo Suomen sodan muistomerkki. Nurminiemest\u00e4 niin ik\u00e4\u00e4n on n\u00e4k\u00f6ala Ruonan sillalle ja taistelutantereille.<\/p>\n<\/div>\n\n\n\n<div class=\"wp-block-column is-layout-flow wp-block-column-is-layout-flow\" style=\"flex-basis:33.33%\">\n<figure class=\"wp-block-image size-full is-style-default\"><img loading=\"lazy\" decoding=\"async\" width=\"300\" height=\"200\" src=\"https:\/\/ruonanrinki.fi\/wp-content\/uploads\/2023\/12\/scene-1.jpg\" alt=\"\" class=\"wp-image-19\"\/><\/figure>\n<\/div>\n<\/div>\n\n\n\n<h2 class=\"wp-block-heading\">Ruonan silta<\/h2>\n\n\n\n<div class=\"wp-block-columns is-layout-flex wp-container-core-columns-is-layout-9d6595d7 wp-block-columns-is-layout-flex\">\n<div class=\"wp-block-column is-layout-flow wp-block-column-is-layout-flow\" style=\"flex-basis:66.66%\">\n<p>Ruonan silta halkoo edelleen vanhalla paikallaan historiallisia taistelumaastoja. Alunpit\u00e4en silta on ollut noin 600 metri\u00e4 pitk\u00e4 puusilta, mutta rakennettiin uudelleen maa- ja kivisillaksi 1870-luvulla. Silta on suojelukohde ja sit\u00e4 on osin kunnostettu kyl\u00e4yhteis\u00f6n talkoovoimin ja museoviraston avustuksella. Silta oli taisteluiden n\u00e4ytt\u00e4m\u00f6n\u00e4 31.8.1808, kun ruotsalaisjoukot per\u00e4\u00e4ntyiv\u00e4t taistellen sillalle eversti Kulnevin johtamien ven\u00e4l\u00e4isten etujoukkojen ajamana. Vet\u00e4ytyv\u00e4t joukot polttivat osan sillasta per\u00e4ss\u00e4\u00e4n.<\/p>\n<\/div>\n\n\n\n<div class=\"wp-block-column is-layout-flow wp-block-column-is-layout-flow\" style=\"flex-basis:33.33%\">\n<figure class=\"wp-block-image size-full\"><img loading=\"lazy\" decoding=\"async\" width=\"300\" height=\"200\" src=\"https:\/\/ruonanrinki.fi\/wp-content\/uploads\/2023\/12\/silta-1.jpg\" alt=\"\" class=\"wp-image-20\"\/><\/figure>\n<\/div>\n<\/div>\n\n\n\n<h2 class=\"wp-block-heading\">Sippolanpiha<\/h2>\n\n\n\n<div class=\"wp-block-columns is-layout-flex wp-container-core-columns-is-layout-9d6595d7 wp-block-columns-is-layout-flex\">\n<div class=\"wp-block-column is-layout-flow wp-block-column-is-layout-flow\" style=\"flex-basis:66.66%\">\n<p>Ruonan silta halkoo edelleen vanhalla paikallaan historiallisia taistelumaastoja. Alunpit\u00e4en silta on ollut noin 600 metri\u00e4 pitk\u00e4 puusilta, mutta rakennettiin uudelleen maa- ja kivisillaksi 1870-luvulla. Silta on suojelukohde ja sit\u00e4 on osin kunnostettu kyl\u00e4yhteis\u00f6n talkoovoimin ja museoviraston avustuksella. Silta oli taisteluiden n\u00e4ytt\u00e4m\u00f6n\u00e4 31.8.1808, kun ruotsalaisjoukot per\u00e4\u00e4ntyiv\u00e4t taistellen sillalle eversti Kulnevin johtamien ven\u00e4l\u00e4isten etujoukkojen ajamana. Vet\u00e4ytyv\u00e4t joukot polttivat osan sillasta per\u00e4ss\u00e4\u00e4n.<\/p>\n<\/div>\n\n\n\n<div class=\"wp-block-column is-layout-flow wp-block-column-is-layout-flow\" style=\"flex-basis:33.33%\">\n<figure class=\"wp-block-image size-full\"><img loading=\"lazy\" decoding=\"async\" width=\"300\" height=\"200\" src=\"https:\/\/ruonanrinki.fi\/wp-content\/uploads\/2023\/12\/sippola-1.jpg\" alt=\"\" class=\"wp-image-21\"\/><\/figure>\n<\/div>\n<\/div>\n\n\n\n<h2 class=\"wp-block-heading\">Nurminiemi<\/h2>\n\n\n\n<div class=\"wp-block-columns is-layout-flex wp-container-core-columns-is-layout-9d6595d7 wp-block-columns-is-layout-flex\">\n<div class=\"wp-block-column is-layout-flow wp-block-column-is-layout-flow\" style=\"flex-basis:66.66%\">\n<p>Nurminiemeen oli sijoitettu Ruonan taisteluiden aikana ruotsalaisten raskas kuuden tykin patteri. Nurminiemen tykist\u00f6patteri antoi viivytystaisteluissa tulitukea Ruonan sillalle vet\u00e4ytyville ruotsalaisjoukoille. Seuraavana p\u00e4iv\u00e4n\u00e4 ven\u00e4l\u00e4iset onnistuivat sijoittamaan kaksi raskasta tykki\u00e4 Nurminiemen vastaiseen Hietaniemeen, mist\u00e4 k\u00e4sin saattoivat pitk\u00e4n kantaman omaavilla tykeill\u00e4\u00e4n sivusta k\u00e4sin murjoa Nurminiemeen sijoitettuja joukkoja ja tykist\u00f6\u00e4. Nyt Nurminiemess\u00e4 sijaitsee Suomen sodan muistomerkki. Aluetta ymp\u00e4rist\u00f6ineen on raivattu, joten maisemat sotakentille ovat k\u00e4vij\u00f6iden n\u00e4ht\u00e4viss\u00e4 l\u00e4hes samanlaisina, kuin ne olivat Suomen sodan aikoihin.<\/p>\n<\/div>\n\n\n\n<div class=\"wp-block-column is-vertically-aligned-top is-layout-flow wp-block-column-is-layout-flow\" style=\"flex-basis:33.33%\">\n<figure class=\"wp-block-image size-full\"><img loading=\"lazy\" decoding=\"async\" width=\"200\" height=\"300\" src=\"https:\/\/ruonanrinki.fi\/wp-content\/uploads\/2023\/12\/nurmin.jpg\" alt=\"\" class=\"wp-image-15\"\/><\/figure>\n<\/div>\n<\/div>\n\n\n\n<h2 class=\"wp-block-heading\">Patterninm\u00e4ki<\/h2>\n\n\n\n<div class=\"wp-block-columns is-layout-flex wp-container-core-columns-is-layout-9d6595d7 wp-block-columns-is-layout-flex\">\n<div class=\"wp-block-column is-layout-flow wp-block-column-is-layout-flow\" style=\"flex-basis:66.66%\">\n<p>&#8217;Kuopion tien&#8217; varressa sijaitsee Patterinm\u00e4ki, jonne oli Suomen sodan ja Ruonan taisteluiden aikana sijoitettuna Ruotsin armeijan 4. prikaati tykkipatterien tukemana. Patterien etumaastoon oli kaadettu puita vihollisen etenemisen hidastamiseksi. Patterinm\u00e4ell\u00e4 sijaitsee Suomen sodan taistelukent\u00e4n muistomerkki.<\/p>\n<\/div>\n\n\n\n<div class=\"wp-block-column is-layout-flow wp-block-column-is-layout-flow\" style=\"flex-basis:33.33%\">\n<figure class=\"wp-block-image size-full\"><img loading=\"lazy\" decoding=\"async\" width=\"200\" height=\"300\" src=\"https:\/\/ruonanrinki.fi\/wp-content\/uploads\/2023\/12\/patterinm.jpg\" alt=\"\" class=\"wp-image-17\"\/><\/figure>\n<\/div>\n<\/div>\n\n\n\n<h2 class=\"wp-block-heading\">Nelj\u00e4 kilometri\u00e4 asemalinjaa<\/h2>\n\n\n\n<p>Ruotsin armeijan puolustusasemien leveys oli nelj\u00e4 kilometri\u00e4 Kuortanej\u00e4rven rannalta Nurminiemest\u00e4 Nisosj\u00e4rven takaisiin maastoihin Takalan Patterinm\u00e4lle. Asemiin oli sijoitettuna 13 pataljoonaa ja 22 tykki\u00e4. Lis\u00e4ksi Salmen kyl\u00e4lle oli sijoitettuna reserviksi ruotsalainen tuhannen sotilaan vahvuinen 6. prikaati.<\/p>\n\n\n\n<h2 class=\"wp-block-heading\">Herojanpiha<\/h2>\n\n\n\n<p>Syyskuun 1. p\u00e4iv\u00e4 ven\u00e4l\u00e4isten p\u00e4\u00e4joukot hy\u00f6kk\u00e4siv\u00e4t 1. ja 4. prikaatien asemia vastaan Herojanpihan pohjoispuolitse. Hy\u00f6kk\u00e4ys kuitenkin torjuttiin ja Adlercreuzin komennosta suoritettiin vastahy\u00f6kk\u00e4ys, joka ulottui aivan Herojan talojen alueelle asti. Useita tunteja kest\u00e4nyt l\u00e4hitaistelu toi raskaita tappioita molemmille osapuolille. Noiden taistelujen j\u00e4ljilt\u00e4 lienee nimetty taistelukenttien l\u00e4heisyydess\u00e4 sijaitseva Haisuoja, jonka kerrotaan toimineen kuolleiden &#8217;joukkohautana&#8217;.<\/p>\n\n\n\n<h2 class=\"wp-block-heading\">Mustap\u00e4\u00e4<\/h2>\n\n\n\n<p>Varsinaisena taistelup\u00e4iv\u00e4n\u00e4 1. syyskuuta ven\u00e4l\u00e4isten komentaja Kamenski piti komentopaikkaansa Mustap\u00e4\u00e4n talon luona.<\/p>\n","protected":false},"excerpt":{"rendered":"<p>Ruona Ruonan kyl\u00e4n maisemat Kuortaneella ovat s\u00e4ilyneet l\u00e4hes muuttumattomina Suomen sodan ajoista t\u00e4h\u00e4n p\u00e4iv\u00e4\u00e4n. Ruonalla on yh\u00e4 pystyss\u00e4 ja jopa asuink\u00e4yt\u00f6ss\u00e4 monia taloja, jotka ovat olleet todistamassa sodan tuhoja ja &#8230;<\/p>\n","protected":false},"author":3,"featured_media":41,"parent":0,"menu_order":0,"comment_status":"closed","ping_status":"closed","template":"","meta":{"footnotes":""},"class_list":["post-51","page","type-page","status-publish","has-post-thumbnail","hentry"],"_links":{"self":[{"href":"https:\/\/ruonanrinki.fi\/index.php?rest_route=\/wp\/v2\/pages\/51","targetHints":{"allow":["GET"]}}],"collection":[{"href":"https:\/\/ruonanrinki.fi\/index.php?rest_route=\/wp\/v2\/pages"}],"about":[{"href":"https:\/\/ruonanrinki.fi\/index.php?rest_route=\/wp\/v2\/types\/page"}],"author":[{"embeddable":true,"href":"https:\/\/ruonanrinki.fi\/index.php?rest_route=\/wp\/v2\/users\/3"}],"replies":[{"embeddable":true,"href":"https:\/\/ruonanrinki.fi\/index.php?rest_route=%2Fwp%2Fv2%2Fcomments&post=51"}],"version-history":[{"count":5,"href":"https:\/\/ruonanrinki.fi\/index.php?rest_route=\/wp\/v2\/pages\/51\/revisions"}],"predecessor-version":[{"id":147,"href":"https:\/\/ruonanrinki.fi\/index.php?rest_route=\/wp\/v2\/pages\/51\/revisions\/147"}],"wp:featuredmedia":[{"embeddable":true,"href":"https:\/\/ruonanrinki.fi\/index.php?rest_route=\/wp\/v2\/media\/41"}],"wp:attachment":[{"href":"https:\/\/ruonanrinki.fi\/index.php?rest_route=%2Fwp%2Fv2%2Fmedia&parent=51"}],"curies":[{"name":"wp","href":"https:\/\/api.w.org\/{rel}","templated":true}]}}