{"id":53,"date":"2023-12-14T08:22:18","date_gmt":"2023-12-14T06:22:18","guid":{"rendered":"http:\/\/localhost\/ekaruona\/?page_id=53"},"modified":"2026-03-23T12:37:56","modified_gmt":"2026-03-23T10:37:56","slug":"palve","status":"publish","type":"page","link":"https:\/\/ruonanrinki.fi\/?page_id=53","title":{"rendered":"Palvelut ja tilojen vuokraus"},"content":{"rendered":"\n<hr class=\"wp-block-separator has-alpha-channel-opacity is-style-wide\"\/>\n\n\n\n<h2 class=\"wp-block-heading\"><mark style=\"background-color:rgba(0, 0, 0, 0)\" class=\"has-inline-color has-vivid-cyan-blue-color\">Opastuskeskus<\/mark><\/h2>\n\n\n\n<h4 class=\"wp-block-heading\">Opastuskeskus on avoinna tilauksesta. Varaukset ja opastukset puh. 040 525 1468.<\/h4>\n\n\n\n<div class=\"wp-block-columns is-layout-flex wp-container-core-columns-is-layout-9d6595d7 wp-block-columns-is-layout-flex\">\n<div class=\"wp-block-column is-layout-flow wp-block-column-is-layout-flow\" style=\"flex-basis:66.66%\">\n<p>Opastuskeskuksessa kerrotaan Suomen sodan ja tuon aikakauden historiasta, tapahtumista ja olosuhteista erilaisten n\u00e4yttelyiden, multimediaesitysten ja historiallisten esineist\u00f6jen avulla. Tarvittaessa esittelyt on mahdollista toteuttaa opastettuina kierroksina, joihin voidaan sis\u00e4llytt\u00e4\u00e4 maastok\u00e4yntej\u00e4 autenttisilla sodan tapahtumapaikoilla. Keskuksesta tilattaviin opastuksiin voidaan lis\u00e4t\u00e4 aiheita ja kohteita my\u00f6s rakennuskulttuurista, jonka vuosisatojen historia ja muutokset ovat joka p\u00e4iv\u00e4 n\u00e4kyviss\u00e4 Ruonan maisemissa. Kyl\u00e4n vanhimmat edelleen asuink\u00e4yt\u00f6ss\u00e4 olevat talot ovat per\u00e4isin 1600-luvulta. <\/p>\n<\/div>\n\n\n\n<div class=\"wp-block-column is-layout-flow wp-block-column-is-layout-flow\" style=\"flex-basis:33.33%\">\n<div class=\"wp-block-cover\" style=\"min-height:175px;aspect-ratio:unset;\"><img loading=\"lazy\" decoding=\"async\" width=\"300\" height=\"200\" class=\"wp-block-cover__image-background wp-image-16\" alt=\"\" src=\"https:\/\/ruonanrinki.fi\/wp-content\/uploads\/2023\/12\/opastus-2.jpg\" data-object-fit=\"cover\"\/><span aria-hidden=\"true\" class=\"wp-block-cover__background has-background-dim\"><\/span><div class=\"wp-block-cover__inner-container is-layout-flow wp-block-cover-is-layout-flow\">\n<p class=\"has-text-align-center has-large-font-size\"><\/p>\n<\/div><\/div>\n<\/div>\n<\/div>\n\n\n\n<hr class=\"wp-block-separator has-alpha-channel-opacity is-style-wide\"\/>\n\n\n\n<h2 class=\"wp-block-heading\"><br><mark style=\"background-color:rgba(0, 0, 0, 0)\" class=\"has-inline-color has-vivid-cyan-blue-color\">Tilojen vuokraus<\/mark><br><\/h2>\n\n\n\n<h4 class=\"wp-block-heading\"><mark style=\"background-color:rgba(0, 0, 0, 0)\" class=\"has-inline-color has-vivid-red-color\"><strong>Tilavaraukset ja tiedustelut puh. 040 778 9415 \/ Ruonan Rinki<\/strong><\/mark><\/h4>\n\n\n\n<p><\/p>\n\n\n\n<hr class=\"wp-block-separator has-alpha-channel-opacity is-style-wide\"\/>\n\n\n\n<p><\/p>\n\n\n\n<h3 class=\"wp-block-heading\"><strong><mark style=\"background-color:rgba(0, 0, 0, 0)\" class=\"has-inline-color has-vivid-cyan-blue-color\">Pihan karavaanipaikat<\/mark><\/strong><\/h3>\n\n\n\n<p>11,00 \u20ac \/ vrk<\/p>\n\n\n\n<p>Varaukset: <a href=\"https:\/\/matkaparkki.com\/\">Matkaparkki.com<\/a><\/p>\n\n\n\n<hr class=\"wp-block-separator has-alpha-channel-opacity is-style-wide\"\/>\n\n\n\n<p><\/p>\n\n\n\n<h3 class=\"wp-block-heading\"><strong><mark style=\"background-color:rgba(0, 0, 0, 0)\" class=\"has-inline-color has-vivid-cyan-blue-color\">Kahvila Kamenski<\/mark><\/strong><\/h3>\n\n\n<div class=\"wp-block-image\">\n<figure class=\"alignright size-full is-resized\" id=\"attachment_128\"><img loading=\"lazy\" decoding=\"async\" width=\"1600\" height=\"1200\" src=\"https:\/\/ruonanrinki.fi\/wp-content\/uploads\/2024\/03\/D9DBCBF9-6CA6-4777-9630-1F4523CBD696.jpeg\" alt=\"\" class=\"wp-image-230\" style=\"width:224px;height:auto\" srcset=\"https:\/\/ruonanrinki.fi\/wp-content\/uploads\/2024\/03\/D9DBCBF9-6CA6-4777-9630-1F4523CBD696.jpeg 1600w, https:\/\/ruonanrinki.fi\/wp-content\/uploads\/2024\/03\/D9DBCBF9-6CA6-4777-9630-1F4523CBD696-300x225.jpeg 300w, https:\/\/ruonanrinki.fi\/wp-content\/uploads\/2024\/03\/D9DBCBF9-6CA6-4777-9630-1F4523CBD696-1024x768.jpeg 1024w, https:\/\/ruonanrinki.fi\/wp-content\/uploads\/2024\/03\/D9DBCBF9-6CA6-4777-9630-1F4523CBD696-768x576.jpeg 768w, https:\/\/ruonanrinki.fi\/wp-content\/uploads\/2024\/03\/D9DBCBF9-6CA6-4777-9630-1F4523CBD696-1536x1152.jpeg 1536w\" sizes=\"auto, (max-width: 1600px) 100vw, 1600px\" \/><figcaption class=\"wp-element-caption\">Kahvila<\/figcaption><\/figure>\n<\/div>\n\n\n<p>lyhyt varaus (esim. kokous) &#8211; 70,00 \u20ac<\/p>\n\n\n\n<p>pidempi varaus (viikonloppu, perhejuhlat) &#8211; 125,00 \u20ac<\/p>\n\n\n\n<p><\/p>\n\n\n\n<p><\/p>\n\n\n\n<p><\/p>\n\n\n\n<p><\/p>\n\n\n\n<p><\/p>\n\n\n\n<p><\/p>\n\n\n\n<h3 class=\"wp-block-heading\"><strong><mark style=\"background-color:rgba(0, 0, 0, 0)\" class=\"has-inline-color has-vivid-cyan-blue-color\">Iso Sali (karaokelaitteet sis\u00e4ltyv\u00e4t vuokraan)<\/mark><\/strong><\/h3>\n\n\n<div class=\"wp-block-image\">\n<figure class=\"alignright size-full is-resized\" id=\"attachment_131\"><img loading=\"lazy\" decoding=\"async\" width=\"300\" height=\"169\" src=\"https:\/\/ruonanrinki.fi\/wp-content\/uploads\/2023\/12\/Sali1-300x169-1.jpg\" alt=\"\" class=\"wp-image-29\" style=\"width:231px;height:auto\"\/><figcaption class=\"wp-element-caption\">Sali<\/figcaption><\/figure>\n<\/div>\n\n\n<p>lyhyt varaus (esim. kokous) &#8211; 70,00 \u20ac<\/p>\n\n\n\n<p>pidempi varaus (viikonloppu, perhejuhlat) &#8211; 125,00 \u20ac<\/p>\n\n\n\n<p>Kahvila Kamenski + Iso Sali yhdess\u00e4 &#8211; 250,00 \u20ac<\/p>\n\n\n\n<p><\/p>\n\n\n\n<p><\/p>\n\n\n\n<p><\/p>\n\n\n\n<p><\/p>\n\n\n\n<p><\/p>\n\n\n\n<h3 class=\"wp-block-heading\"><strong><mark style=\"background-color:rgba(0, 0, 0, 0)\" class=\"has-inline-color has-vivid-cyan-blue-color\">Rantasauna<\/mark><\/strong><\/h3>\n\n\n<div class=\"wp-block-image\">\n<figure class=\"alignright size-full is-resized\" id=\"attachment_133\"><img loading=\"lazy\" decoding=\"async\" width=\"300\" height=\"169\" src=\"https:\/\/ruonanrinki.fi\/wp-content\/uploads\/2023\/12\/Sauna-300x169-1.jpg\" alt=\"\" class=\"wp-image-30\" style=\"width:227px;height:auto\"\/><figcaption class=\"wp-element-caption\">Rantasauna<\/figcaption><\/figure>\n<\/div>\n\n\n<p><\/p>\n\n\n\n<p>70,00 \u20ac \/ kerta vuokraan sis\u00e4ltyy Kulnevin kota<\/p>\n\n\n\n<p><\/p>\n\n\n\n<p><\/p>\n\n\n\n<p><\/p>\n\n\n\n<p><\/p>\n\n\n\n<p><\/p>\n\n\n\n<p><\/p>\n\n\n\n<p><\/p>\n\n\n\n<p><\/p>\n\n\n\n<h3 class=\"wp-block-heading\"><strong><mark style=\"background-color:rgba(0, 0, 0, 0)\" class=\"has-inline-color has-vivid-cyan-blue-color\">Kulnevin kota<\/mark><\/strong><\/h3>\n\n\n<div class=\"wp-block-image\">\n<figure class=\"alignright size-full is-resized\" id=\"attachment_130\"><img loading=\"lazy\" decoding=\"async\" width=\"637\" height=\"637\" src=\"https:\/\/ruonanrinki.fi\/wp-content\/uploads\/2024\/02\/CA5F5590-CE26-4F57-ADB4-CEE92520A6BD.jpeg\" alt=\"\" class=\"wp-image-221\" style=\"width:191px;height:auto\" srcset=\"https:\/\/ruonanrinki.fi\/wp-content\/uploads\/2024\/02\/CA5F5590-CE26-4F57-ADB4-CEE92520A6BD.jpeg 637w, https:\/\/ruonanrinki.fi\/wp-content\/uploads\/2024\/02\/CA5F5590-CE26-4F57-ADB4-CEE92520A6BD-300x300.jpeg 300w, https:\/\/ruonanrinki.fi\/wp-content\/uploads\/2024\/02\/CA5F5590-CE26-4F57-ADB4-CEE92520A6BD-150x150.jpeg 150w\" sizes=\"auto, (max-width: 637px) 100vw, 637px\" \/><figcaption class=\"wp-element-caption\">Kulnevin kota<\/figcaption><\/figure>\n<\/div>\n\n\n<p><\/p>\n\n\n\n<p>Pelkk\u00e4 kodan vuokraus (sis\u00e4lt\u00e4\u00e4 polttopuut) &#8211; 30\u20ac \/ kerta<\/p>\n\n\n\n<p><\/p>\n\n\n\n<p><\/p>\n\n\n\n<p><\/p>\n\n\n\n<p><\/p>\n\n\n\n<p><\/p>\n\n\n\n<p><\/p>\n\n\n\n<p><\/p>\n\n\n\n<p><\/p>\n\n\n\n<h3 class=\"wp-block-heading\"><strong><mark style=\"background-color:rgba(0, 0, 0, 0)\" class=\"has-inline-color has-vivid-cyan-blue-color\">Pop-Up teltta 4m x 8m<\/mark><\/strong><\/h3>\n\n\n\n<p>Ensimm\u00e4inen vuorokausi &#8211; 100,00 \u20ac<br>Lis\u00e4vuorokaudet &#8211; 50,00 \u20ac \/ vrk<\/p>\n\n\n\n<p><\/p>\n\n\n\n<p><\/p>\n\n\n\n<hr class=\"wp-block-separator has-alpha-channel-opacity is-style-wide\"\/>\n\n\n\n<p><\/p>\n\n\n\n<h3 class=\"wp-block-heading\"><strong><mark style=\"background-color:rgba(0, 0, 0, 0)\" class=\"has-inline-color has-vivid-cyan-blue-color\">Iso muurikkapannu<\/mark><\/strong><\/h3>\n\n\n\n<p>30,00 \u20ac \/ krt ilman kaasupulloa<\/p>\n\n\n\n<p>80,00 \u20ac \/ krt kaasupullon kanssa<\/p>\n\n\n\n<p>Vuokra-ajan pituus sovitaan varausta teht\u00e4ess\u00e4<\/p>\n\n\n\n<p><\/p>\n\n\n\n<p><\/p>\n\n\n\n<hr class=\"wp-block-separator has-alpha-channel-opacity is-style-wide\"\/>\n\n\n\n<p><\/p>\n\n\n\n<h3 class=\"wp-block-heading\"><mark style=\"background-color:rgba(0, 0, 0, 0)\" class=\"has-inline-color has-vivid-cyan-blue-color\">Siivousmaksu<\/mark><\/h3>\n\n\n\n<p>Mik\u00e4li vuokratilat luovutetaan siivoamattomina, perit\u00e4\u00e4n vuokraajalta siivouksesta 300 euron maksu.<\/p>\n\n\n\n<p><\/p>\n","protected":false},"excerpt":{"rendered":"<p>Opastuskeskus Opastuskeskus on avoinna tilauksesta. Varaukset ja opastukset puh. 040 525 1468. Opastuskeskuksessa kerrotaan Suomen sodan ja tuon aikakauden historiasta, tapahtumista ja olosuhteista erilaisten n\u00e4yttelyiden, multimediaesitysten ja historiallisten esineist\u00f6jen avulla. &#8230;<\/p>\n","protected":false},"author":3,"featured_media":41,"parent":0,"menu_order":0,"comment_status":"closed","ping_status":"closed","template":"","meta":{"footnotes":""},"class_list":["post-53","page","type-page","status-publish","has-post-thumbnail","hentry"],"_links":{"self":[{"href":"https:\/\/ruonanrinki.fi\/index.php?rest_route=\/wp\/v2\/pages\/53","targetHints":{"allow":["GET"]}}],"collection":[{"href":"https:\/\/ruonanrinki.fi\/index.php?rest_route=\/wp\/v2\/pages"}],"about":[{"href":"https:\/\/ruonanrinki.fi\/index.php?rest_route=\/wp\/v2\/types\/page"}],"author":[{"embeddable":true,"href":"https:\/\/ruonanrinki.fi\/index.php?rest_route=\/wp\/v2\/users\/3"}],"replies":[{"embeddable":true,"href":"https:\/\/ruonanrinki.fi\/index.php?rest_route=%2Fwp%2Fv2%2Fcomments&post=53"}],"version-history":[{"count":41,"href":"https:\/\/ruonanrinki.fi\/index.php?rest_route=\/wp\/v2\/pages\/53\/revisions"}],"predecessor-version":[{"id":468,"href":"https:\/\/ruonanrinki.fi\/index.php?rest_route=\/wp\/v2\/pages\/53\/revisions\/468"}],"wp:featuredmedia":[{"embeddable":true,"href":"https:\/\/ruonanrinki.fi\/index.php?rest_route=\/wp\/v2\/media\/41"}],"wp:attachment":[{"href":"https:\/\/ruonanrinki.fi\/index.php?rest_route=%2Fwp%2Fv2%2Fmedia&parent=53"}],"curies":[{"name":"wp","href":"https:\/\/api.w.org\/{rel}","templated":true}]}}