{"id":56,"date":"2023-12-14T08:24:49","date_gmt":"2023-12-14T06:24:49","guid":{"rendered":"http:\/\/localhost\/ekaruona\/?page_id=56"},"modified":"2024-05-24T07:05:35","modified_gmt":"2024-05-24T04:05:35","slug":"yhteystiedot","status":"publish","type":"page","link":"https:\/\/ruonanrinki.fi\/?page_id=56","title":{"rendered":"Yhteystiedot"},"content":{"rendered":"\n<h2 class=\"wp-block-heading\">Ruonan Rinki ry<\/h2>\n\n\n\n<p>K\u00e4yntiosoite: Niemiskyl\u00e4ntie 60, 63150 RUONA<br>Puhelin: 040 778 9415<br>S\u00e4hk\u00f6posti: ruonanrinki@gmail.com<br>Y-tunnus: 1609757-2<\/p>\n\n\n\n<p>Voit maksaa yhdistyksen tilille kannatusmaksun:<\/p>\n\n\n\n<p>Saaja: Ruonan Rinki Ry<\/p>\n\n\n\n<p>Tilinumero FI90 4108 0010 5950 42<\/p>\n\n\n\n<p>Viesti: j\u00e4senten nimet<\/p>\n\n\n\n<div class=\"wp-block-group\"><div class=\"wp-block-group__inner-container is-layout-constrained wp-block-group-is-layout-constrained\">\n<div style=\"height:11px\" aria-hidden=\"true\" class=\"wp-block-spacer\"><\/div>\n\n\n\n<figure class=\"wp-block-image size-full is-resized\"><img loading=\"lazy\" decoding=\"async\" width=\"768\" height=\"768\" src=\"https:\/\/ruonanrinki.fi\/wp-content\/uploads\/2024\/02\/F92CD504-F347-4F5C-940E-2E6ED418B6A3-e1706952858483.jpeg\" alt=\"Sateenkaari\" class=\"wp-image-211\" style=\"width:457px;height:auto\" srcset=\"https:\/\/ruonanrinki.fi\/wp-content\/uploads\/2024\/02\/F92CD504-F347-4F5C-940E-2E6ED418B6A3-e1706952858483.jpeg 768w, https:\/\/ruonanrinki.fi\/wp-content\/uploads\/2024\/02\/F92CD504-F347-4F5C-940E-2E6ED418B6A3-e1706952858483-300x300.jpeg 300w, https:\/\/ruonanrinki.fi\/wp-content\/uploads\/2024\/02\/F92CD504-F347-4F5C-940E-2E6ED418B6A3-e1706952858483-150x150.jpeg 150w\" sizes=\"auto, (max-width: 768px) 100vw, 768px\" \/><figcaption class=\"wp-element-caption\">Rinkiranta<\/figcaption><\/figure>\n\n\n\n\n\n<figure class=\"wp-block-gallery has-nested-images columns-default is-cropped wp-block-gallery-1 is-layout-flex wp-block-gallery-is-layout-flex\"><\/figure>\n<\/div><\/div>\n\n\n\n<h2 class=\"wp-block-heading\">Ruona, Kuortane<\/h2>\n\n\n\n<p><iframe loading=\"lazy\" src=\"https:\/\/www.google.com\/maps\/d\/embed?mid=1OGBKGlQU3-pZkJBG1gL60NgRGig&#038;ehbc=2E312F\" width=\"100%\" height=\"480px\"><\/iframe><p>\n","protected":false},"excerpt":{"rendered":"<p>Ruonan Rinki ry K\u00e4yntiosoite: Niemiskyl\u00e4ntie 60, 63150 RUONAPuhelin: 040 778 9415S\u00e4hk\u00f6posti: ruonanrinki@gmail.comY-tunnus: 1609757-2 Voit maksaa yhdistyksen tilille kannatusmaksun: Saaja: Ruonan Rinki Ry Tilinumero FI90 4108 0010 5950 42 Viesti: j\u00e4senten &#8230;<\/p>\n","protected":false},"author":3,"featured_media":41,"parent":0,"menu_order":0,"comment_status":"closed","ping_status":"closed","template":"","meta":{"footnotes":""},"class_list":["post-56","page","type-page","status-publish","has-post-thumbnail","hentry"],"_links":{"self":[{"href":"https:\/\/ruonanrinki.fi\/index.php?rest_route=\/wp\/v2\/pages\/56","targetHints":{"allow":["GET"]}}],"collection":[{"href":"https:\/\/ruonanrinki.fi\/index.php?rest_route=\/wp\/v2\/pages"}],"about":[{"href":"https:\/\/ruonanrinki.fi\/index.php?rest_route=\/wp\/v2\/types\/page"}],"author":[{"embeddable":true,"href":"https:\/\/ruonanrinki.fi\/index.php?rest_route=\/wp\/v2\/users\/3"}],"replies":[{"embeddable":true,"href":"https:\/\/ruonanrinki.fi\/index.php?rest_route=%2Fwp%2Fv2%2Fcomments&post=56"}],"version-history":[{"count":13,"href":"https:\/\/ruonanrinki.fi\/index.php?rest_route=\/wp\/v2\/pages\/56\/revisions"}],"predecessor-version":[{"id":305,"href":"https:\/\/ruonanrinki.fi\/index.php?rest_route=\/wp\/v2\/pages\/56\/revisions\/305"}],"wp:featuredmedia":[{"embeddable":true,"href":"https:\/\/ruonanrinki.fi\/index.php?rest_route=\/wp\/v2\/media\/41"}],"wp:attachment":[{"href":"https:\/\/ruonanrinki.fi\/index.php?rest_route=%2Fwp%2Fv2%2Fmedia&parent=56"}],"curies":[{"name":"wp","href":"https:\/\/api.w.org\/{rel}","templated":true}]}}